{"id":10579,"date":"2025-12-13T01:50:53","date_gmt":"2025-12-13T04:50:53","guid":{"rendered":"https:\/\/nsant.com.br\/?page_id=10579"},"modified":"2025-12-14T07:20:05","modified_gmt":"2025-12-14T10:20:05","slug":"pagina-inicial","status":"publish","type":"page","link":"https:\/\/nsant.com.br\/","title":{"rendered":"P\u00e1gina Inicial"},"content":{"rendered":"\t\t<div data-elementor-type=\"wp-page\" data-elementor-id=\"10579\" class=\"elementor elementor-10579\" data-elementor-post-type=\"page\">\n\t\t\t\t<div class=\"elementor-element elementor-element-20fc58b e-flex e-con-boxed e-con e-parent\" data-id=\"20fc58b\" data-element_type=\"container\" data-settings=\"{&quot;background_background&quot;:&quot;classic&quot;}\">\n\t\t\t\t\t<div class=\"e-con-inner\">\n\t\t<div class=\"elementor-element elementor-element-9cc23b6 e-con-full e-flex e-con e-child\" data-id=\"9cc23b6\" data-element_type=\"container\">\n\t\t<div class=\"elementor-element elementor-element-94efed4 e-con-full e-flex e-con e-child\" data-id=\"94efed4\" data-element_type=\"container\">\n\t\t\t\t<div class=\"elementor-element elementor-element-f2a13a6 elementor-widget elementor-widget-image\" data-id=\"f2a13a6\" data-element_type=\"widget\" data-widget_type=\"image.default\">\n\t\t\t\t\t\t\t\t\t\t\t\t\t\t\t<img decoding=\"async\" src=\"https:\/\/nsant.com.br\/wp-content\/uploads\/elementor\/thumbs\/logo_site_nsant-rg2yti82f74ncxppw36h451d4ly1cmvb25dlajp8jg.png\" title=\"logo_site_nsant\" alt=\"logo_site_nsant\" loading=\"lazy\" \/>\t\t\t\t\t\t\t\t\t\t\t\t\t\t\t<\/div>\n\t\t\t\t<\/div>\n\t\t<div class=\"elementor-element elementor-element-59bb764 e-con-full e-flex e-con e-child\" data-id=\"59bb764\" data-element_type=\"container\">\n\t\t<div class=\"elementor-element elementor-element-2363082 e-con-full e-flex e-con e-child\" data-id=\"2363082\" data-element_type=\"container\">\n\t\t\t\t<div class=\"elementor-element elementor-element-f34bf4d elementor-widget elementor-widget-heading\" data-id=\"f34bf4d\" data-element_type=\"widget\" data-widget_type=\"heading.default\">\n\t\t\t\t\t<h2 class=\"elementor-heading-title elementor-size-default\">Mais barato que Black Friday!<\/h2>\t\t\t\t<\/div>\n\t\t\t\t<div class=\"elementor-element elementor-element-1b8b5c0 elementor-widget elementor-widget-text-editor\" data-id=\"1b8b5c0\" data-element_type=\"widget\" data-widget_type=\"text-editor.default\">\n\t\t\t\t\t\t\t\t\t<p>Aproveite a nossa promo\u00e7\u00e3o de natal e tenha 50% de desconto em nossos servi\u00e7os. \u00c9 por tempo limitado.<\/p>\t\t\t\t\t\t\t\t<\/div>\n\t\t<div class=\"elementor-element elementor-element-fd86864 e-con-full e-flex e-con e-child\" data-id=\"fd86864\" data-element_type=\"container\">\n\t\t\t\t<div class=\"elementor-element elementor-element-20e7094 elementor-widget elementor-widget-button\" data-id=\"20e7094\" data-element_type=\"widget\" data-widget_type=\"button.default\">\n\t\t\t\t\t\t\t\t\t\t<a class=\"elementor-button elementor-button-link elementor-size-sm\" href=\"#\">\n\t\t\t\t\t\t<span class=\"elementor-button-content-wrapper\">\n\t\t\t\t\t\t\t\t\t<span class=\"elementor-button-text\">SAIBA MAIS<\/span>\n\t\t\t\t\t<\/span>\n\t\t\t\t\t<\/a>\n\t\t\t\t\t\t\t\t<\/div>\n\t\t\t\t<div class=\"elementor-element elementor-element-634e08a elementor-widget elementor-widget-button\" data-id=\"634e08a\" data-element_type=\"widget\" data-widget_type=\"button.default\">\n\t\t\t\t\t\t\t\t\t\t<a class=\"elementor-button elementor-button-link elementor-size-sm\" href=\"#\">\n\t\t\t\t\t\t<span class=\"elementor-button-content-wrapper\">\n\t\t\t\t\t\t\t\t\t<span class=\"elementor-button-text\">APROVEITAR<\/span>\n\t\t\t\t\t<\/span>\n\t\t\t\t\t<\/a>\n\t\t\t\t\t\t\t\t<\/div>\n\t\t\t\t<\/div>\n\t\t\t\t<\/div>\n\t\t\t\t<\/div>\n\t\t\t\t<\/div>\n\t\t\t\t\t<\/div>\n\t\t\t\t<\/div>\n\t\t<div class=\"elementor-element elementor-element-087f516 e-flex e-con-boxed e-con e-parent\" data-id=\"087f516\" data-element_type=\"container\" data-settings=\"{&quot;background_background&quot;:&quot;classic&quot;}\">\n\t\t\t\t\t<div class=\"e-con-inner\">\n\t\t\t\t<div class=\"elementor-element elementor-element-da1bc40 elementor-widget elementor-widget-heading\" data-id=\"da1bc40\" data-element_type=\"widget\" data-widget_type=\"heading.default\">\n\t\t\t\t\t<h2 class=\"elementor-heading-title elementor-size-default\">Promo\u00e7\u00e3o de Natal<\/h2>\t\t\t\t<\/div>\n\t\t\t\t<div class=\"elementor-element elementor-element-cccd4a5 elementor-widget elementor-widget-text-editor\" data-id=\"cccd4a5\" data-element_type=\"widget\" data-widget_type=\"text-editor.default\">\n\t\t\t\t\t\t\t\t\t<p>Aproveite a nossa promo\u00e7\u00e3o de natal e tenha 50% de desconto em nossos servi\u00e7os. \u00c9 por tempo limitado.<\/p>\t\t\t\t\t\t\t\t<\/div>\n\t\t<div class=\"elementor-element elementor-element-2f4fd3e e-con-full e-flex e-con e-child\" data-id=\"2f4fd3e\" data-element_type=\"container\">\n\t\t<div class=\"elementor-element elementor-element-bcdbff2 e-con-full e-flex e-con e-child\" data-id=\"bcdbff2\" data-element_type=\"container\" data-settings=\"{&quot;background_background&quot;:&quot;classic&quot;}\">\n\t\t\t\t<div class=\"elementor-element elementor-element-7c52781 elementor-widget elementor-widget-image\" data-id=\"7c52781\" data-element_type=\"widget\" data-widget_type=\"image.default\">\n\t\t\t\t\t\t\t\t\t\t\t\t\t\t\t<img decoding=\"async\" src=\"https:\/\/nsant.com.br\/wp-content\/uploads\/elementor\/thumbs\/framer_icon-rg3bgmosqilcwhny16rnvhmmj8s1j3ftbyd9z073gg.webp\" title=\"\" alt=\"\" loading=\"lazy\" \/>\t\t\t\t\t\t\t\t\t\t\t\t\t\t\t<\/div>\n\t\t\t\t<div class=\"elementor-element elementor-element-0ae12cc elementor-widget elementor-widget-image\" data-id=\"0ae12cc\" data-element_type=\"widget\" data-widget_type=\"image.default\">\n\t\t\t\t\t\t\t\t\t\t\t\t\t\t\t<img fetchpriority=\"high\" decoding=\"async\" width=\"400\" height=\"240\" src=\"https:\/\/nsant.com.br\/wp-content\/uploads\/2025\/12\/site_framer.webp\" class=\"attachment-large size-large wp-image-10644\" alt=\"\" srcset=\"https:\/\/nsant.com.br\/wp-content\/uploads\/2025\/12\/site_framer.webp 400w, https:\/\/nsant.com.br\/wp-content\/uploads\/2025\/12\/site_framer-300x180.webp 300w\" sizes=\"(max-width: 400px) 100vw, 400px\" \/>\t\t\t\t\t\t\t\t\t\t\t\t\t\t\t<\/div>\n\t\t\t\t<div class=\"elementor-element elementor-element-18940b7 elementor-widget elementor-widget-text-editor\" data-id=\"18940b7\" data-element_type=\"widget\" data-widget_type=\"text-editor.default\">\n\t\t\t\t\t\t\t\t\t<p>Site no formato Landing Page, feito sob medida <strong>com a tecnologia do Framer<\/strong> e com vers\u00e3o mobile inclusa.<\/p><p><span style=\"font-size: 20px;\">De: <del>R$ 1.999<\/del><br \/>Por: <strong>R$ 999<\/strong><\/span><\/p>\t\t\t\t\t\t\t\t<\/div>\n\t\t\t\t<div class=\"elementor-element elementor-element-c5cb57e elementor-widget__width-inherit elementor-widget elementor-widget-button\" data-id=\"c5cb57e\" data-element_type=\"widget\" data-widget_type=\"button.default\">\n\t\t\t\t\t\t\t\t\t\t<a class=\"elementor-button elementor-button-link elementor-size-sm\" href=\"#\">\n\t\t\t\t\t\t<span class=\"elementor-button-content-wrapper\">\n\t\t\t\t\t\t\t\t\t<span class=\"elementor-button-text\">APROVEITAR AGORA<\/span>\n\t\t\t\t\t<\/span>\n\t\t\t\t\t<\/a>\n\t\t\t\t\t\t\t\t<\/div>\n\t\t\t\t<\/div>\n\t\t<div class=\"elementor-element elementor-element-4d93d4b e-con-full e-flex e-con e-child\" data-id=\"4d93d4b\" data-element_type=\"container\" data-settings=\"{&quot;background_background&quot;:&quot;classic&quot;}\">\n\t\t\t\t<div class=\"elementor-element elementor-element-f0c031b elementor-widget elementor-widget-image\" data-id=\"f0c031b\" data-element_type=\"widget\" data-widget_type=\"image.default\">\n\t\t\t\t\t\t\t\t\t\t\t\t\t\t\t<img decoding=\"async\" src=\"https:\/\/nsant.com.br\/wp-content\/uploads\/elementor\/thumbs\/wordpress_icon-rg3bxs8rgo2qsaqwv3pjvnsgte8708jgouza9srfwg.webp\" title=\"\" alt=\"\" loading=\"lazy\" \/>\t\t\t\t\t\t\t\t\t\t\t\t\t\t\t<\/div>\n\t\t\t\t<div class=\"elementor-element elementor-element-f55ba4f elementor-widget elementor-widget-image\" data-id=\"f55ba4f\" data-element_type=\"widget\" data-widget_type=\"image.default\">\n\t\t\t\t\t\t\t\t\t\t\t\t\t\t\t<img decoding=\"async\" width=\"400\" height=\"240\" src=\"https:\/\/nsant.com.br\/wp-content\/uploads\/2025\/12\/site_wordpress.webp\" class=\"attachment-large size-large wp-image-10680\" alt=\"\" srcset=\"https:\/\/nsant.com.br\/wp-content\/uploads\/2025\/12\/site_wordpress.webp 400w, https:\/\/nsant.com.br\/wp-content\/uploads\/2025\/12\/site_wordpress-300x180.webp 300w\" sizes=\"(max-width: 400px) 100vw, 400px\" \/>\t\t\t\t\t\t\t\t\t\t\t\t\t\t\t<\/div>\n\t\t\t\t<div class=\"elementor-element elementor-element-ee0ce91 elementor-widget elementor-widget-text-editor\" data-id=\"ee0ce91\" data-element_type=\"widget\" data-widget_type=\"text-editor.default\">\n\t\t\t\t\t\t\t\t\t<p>Site no formato Landing Page, feito sob medida <strong>com painel do WordPress<\/strong> e com vers\u00e3o mobile inclusa.<\/p><p><span style=\"font-size: 20px;\">De: <del>R$ 1.999<\/del><br \/>Por: <strong>R$ 999<\/strong><\/span><\/p>\t\t\t\t\t\t\t\t<\/div>\n\t\t\t\t<div class=\"elementor-element elementor-element-299a1dd elementor-widget__width-inherit elementor-widget elementor-widget-button\" data-id=\"299a1dd\" data-element_type=\"widget\" data-widget_type=\"button.default\">\n\t\t\t\t\t\t\t\t\t\t<a class=\"elementor-button elementor-button-link elementor-size-sm\" href=\"#\">\n\t\t\t\t\t\t<span class=\"elementor-button-content-wrapper\">\n\t\t\t\t\t\t\t\t\t<span class=\"elementor-button-text\">APROVEITAR AGORA<\/span>\n\t\t\t\t\t<\/span>\n\t\t\t\t\t<\/a>\n\t\t\t\t\t\t\t\t<\/div>\n\t\t\t\t<\/div>\n\t\t<div class=\"elementor-element elementor-element-ee0dc1b e-con-full e-flex e-con e-child\" data-id=\"ee0dc1b\" data-element_type=\"container\" data-settings=\"{&quot;background_background&quot;:&quot;classic&quot;}\">\n\t\t<div class=\"elementor-element elementor-element-12c2636 e-con-full e-flex e-con e-child\" data-id=\"12c2636\" data-element_type=\"container\">\n\t\t\t\t<div class=\"elementor-element elementor-element-b402ebd elementor-widget elementor-widget-image\" data-id=\"b402ebd\" data-element_type=\"widget\" data-widget_type=\"image.default\">\n\t\t\t\t\t\t\t\t\t\t\t\t\t\t\t<img decoding=\"async\" src=\"https:\/\/nsant.com.br\/wp-content\/uploads\/elementor\/thumbs\/instagram_icon-rg3c4d43ax30216ufy3jc00mihsovyntlfdn7j08cg.webp\" title=\"\" alt=\"\" loading=\"lazy\" \/>\t\t\t\t\t\t\t\t\t\t\t\t\t\t\t<\/div>\n\t\t\t\t<\/div>\n\t\t\t\t<div class=\"elementor-element elementor-element-785037d elementor-widget elementor-widget-text-editor\" data-id=\"785037d\" data-element_type=\"widget\" data-widget_type=\"text-editor.default\">\n\t\t\t\t\t\t\t\t\t<p>Minisite para Bio.<\/p><p>P\u00e1gina em Framer com dados, links, redes sociais e vers\u00e3o mobile <strong>por apenas R$ 199.<\/strong><\/p><p><small>*Manuten\u00e7\u00e3o: R$ 49 anuais.<\/small><\/p>\t\t\t\t\t\t\t\t<\/div>\n\t\t<div class=\"elementor-element elementor-element-782cda5 e-con-full e-flex e-con e-child\" data-id=\"782cda5\" data-element_type=\"container\">\n\t\t\t\t<div class=\"elementor-element elementor-element-e6122f2 elementor-widget elementor-widget-image\" data-id=\"e6122f2\" data-element_type=\"widget\" data-widget_type=\"image.default\">\n\t\t\t\t\t\t\t\t\t\t\t\t\t\t\t<img decoding=\"async\" src=\"https:\/\/nsant.com.br\/wp-content\/uploads\/elementor\/thumbs\/emailer_icon-rg3che5k18x2zg9jd2ude7nmxrkukxdvpwwxolos3k.webp\" title=\"\" alt=\"\" loading=\"lazy\" \/>\t\t\t\t\t\t\t\t\t\t\t\t\t\t\t<\/div>\n\t\t\t\t<\/div>\n\t\t\t\t<div class=\"elementor-element elementor-element-3a8776b elementor-widget elementor-widget-text-editor\" data-id=\"3a8776b\" data-element_type=\"widget\" data-widget_type=\"text-editor.default\">\n\t\t\t\t\t\t\t\t\t<p>Marketing e Leads.<\/p><p>Listas de Empresas \/ CNPJ \/ E-mails de todos os Estados do Brasil <strong>a partir de R$ 99.<\/strong><\/p><p><small>*Dados atualizados da Receita Federal.<\/small><\/p>\t\t\t\t\t\t\t\t<\/div>\n\t\t\t\t<\/div>\n\t\t<div class=\"elementor-element elementor-element-50f6926 e-con-full e-flex e-con e-child\" data-id=\"50f6926\" data-element_type=\"container\" data-settings=\"{&quot;background_background&quot;:&quot;classic&quot;}\">\n\t\t<div class=\"elementor-element elementor-element-59fd70e e-con-full e-flex e-con e-child\" data-id=\"59fd70e\" data-element_type=\"container\">\n\t\t\t\t<div class=\"elementor-element elementor-element-3586439 elementor-widget elementor-widget-image\" data-id=\"3586439\" data-element_type=\"widget\" data-widget_type=\"image.default\">\n\t\t\t\t\t\t\t\t\t\t\t\t\t\t\t<img decoding=\"async\" src=\"https:\/\/nsant.com.br\/wp-content\/uploads\/elementor\/thumbs\/logotipo_designed-rg3dk28j6vuqly3gkakugydapezg8nwcpb31fecq4g.webp\" title=\"\" alt=\"\" loading=\"lazy\" \/>\t\t\t\t\t\t\t\t\t\t\t\t\t\t\t<\/div>\n\t\t\t\t<\/div>\n\t\t\t\t<div class=\"elementor-element elementor-element-7bbe3ff elementor-widget elementor-widget-text-editor\" data-id=\"7bbe3ff\" data-element_type=\"widget\" data-widget_type=\"text-editor.default\">\n\t\t\t\t\t\t\t\t\t<p>Sites Institucionais e Blogs.<\/p><p>Para sites maiores ou outros servi\u00e7os, tenha um <strong>desconto de at\u00e9 20%<\/strong>.<\/p><p><small>*Solicite um or\u00e7amento sob medida.<\/small><\/p>\t\t\t\t\t\t\t\t<\/div>\n\t\t<div class=\"elementor-element elementor-element-836f2d9 e-con-full e-flex e-con e-child\" data-id=\"836f2d9\" data-element_type=\"container\">\n\t\t\t\t<div class=\"elementor-element elementor-element-612705f elementor-widget elementor-widget-image\" data-id=\"612705f\" data-element_type=\"widget\" data-widget_type=\"image.default\">\n\t\t\t\t\t\t\t\t\t\t\t\t\t\t\t<img decoding=\"async\" src=\"https:\/\/nsant.com.br\/wp-content\/uploads\/elementor\/thumbs\/chatybot2_icon-rg3dyu96n43158mo9ojoo846xi579ckfegbv20fwb8.webp\" title=\"\" alt=\"\" loading=\"lazy\" \/>\t\t\t\t\t\t\t\t\t\t\t\t\t\t\t<\/div>\n\t\t\t\t<\/div>\n\t\t\t\t<div class=\"elementor-element elementor-element-598f62a elementor-widget elementor-widget-text-editor\" data-id=\"598f62a\" data-element_type=\"widget\" data-widget_type=\"text-editor.default\">\n\t\t\t\t\t\t\t\t\t<p>Chatbot para WhatApp API e Instagram, Typebot e Automa\u00e7\u00e3o com n8n em VPS.<\/p><p><small>*WhatsApp API \u00e9 um servi\u00e7o exclusivo para empresas.<\/small><\/p>\t\t\t\t\t\t\t\t<\/div>\n\t\t\t\t<\/div>\n\t\t\t\t<\/div>\n\t\t\t\t\t<\/div>\n\t\t\t\t<\/div>\n\t\t\t\t<\/div>\n\t\t","protected":false},"excerpt":{"rendered":"<p>Mais barato que Black Friday! Aproveite a nossa promo\u00e7\u00e3o de natal e tenha 50% de desconto em nossos servi\u00e7os. \u00c9 por tempo limitado. SAIBA MAIS APROVEITAR Promo\u00e7\u00e3o de Natal Aproveite a nossa promo\u00e7\u00e3o de natal e tenha 50% de desconto em nossos servi\u00e7os. \u00c9 por tempo limitado. Site no formato Landing Page, feito sob medida [&hellip;]<\/p>\n","protected":false},"author":1,"featured_media":0,"parent":0,"menu_order":0,"comment_status":"closed","ping_status":"closed","template":"elementor_canvas","meta":{"footnotes":""},"class_list":["post-10579","page","type-page","status-publish","hentry"],"_links":{"self":[{"href":"https:\/\/nsant.com.br\/index.php?rest_route=\/wp\/v2\/pages\/10579","targetHints":{"allow":["GET"]}}],"collection":[{"href":"https:\/\/nsant.com.br\/index.php?rest_route=\/wp\/v2\/pages"}],"about":[{"href":"https:\/\/nsant.com.br\/index.php?rest_route=\/wp\/v2\/types\/page"}],"author":[{"embeddable":true,"href":"https:\/\/nsant.com.br\/index.php?rest_route=\/wp\/v2\/users\/1"}],"replies":[{"embeddable":true,"href":"https:\/\/nsant.com.br\/index.php?rest_route=%2Fwp%2Fv2%2Fcomments&post=10579"}],"version-history":[{"count":79,"href":"https:\/\/nsant.com.br\/index.php?rest_route=\/wp\/v2\/pages\/10579\/revisions"}],"predecessor-version":[{"id":10693,"href":"https:\/\/nsant.com.br\/index.php?rest_route=\/wp\/v2\/pages\/10579\/revisions\/10693"}],"wp:attachment":[{"href":"https:\/\/nsant.com.br\/index.php?rest_route=%2Fwp%2Fv2%2Fmedia&parent=10579"}],"curies":[{"name":"wp","href":"https:\/\/api.w.org\/{rel}","templated":true}]}}